{"id":88,"date":"2023-06-06T11:22:49","date_gmt":"2023-06-06T11:22:49","guid":{"rendered":"http:\/\/gadenz.ch\/support\/?page_id=88"},"modified":"2023-06-13T11:39:18","modified_gmt":"2023-06-13T11:39:18","slug":"faq","status":"publish","type":"page","link":"https:\/\/helpdesk.gadenz.ch\/index.php\/faq\/","title":{"rendered":"FAQ"},"content":{"rendered":"<p>Hier finden Sie unser FAQ ( Frequently Asked Questions ).<\/p>\n<p>Dies soll helfen, Fragen und Probleme &#8211; welche h\u00e4ufiger auftreten &#8211; schneller und ohne Ticket zu l\u00f6sen.<br \/>\nBenutzen Sie unser <a href=\"https:\/\/helpdesk.gadenz.ch\/index.php\/contact\/\">Kontaktformular<\/a>, falls Sie weiterhin Fragen haben, welche kein IT Problem betreffen.<\/p>\n<div class=\"su-spacer\" style=\"height:50px\"><\/div>\n<div class=\"su-spoiler su-spoiler-style-default su-spoiler-icon-plus su-spoiler-closed\" data-scroll-offset=\"0\" data-anchor-in-url=\"no\"><div class=\"su-spoiler-title\" tabindex=\"0\" role=\"button\"><span class=\"su-spoiler-icon\"><\/span>Ich habe ein Problem. Was muss ich tun?<\/div><div class=\"su-spoiler-content su-u-clearfix su-u-trim\">Um Hilfe zu erhalten, er\u00f6ffnen Sie einfach ein <a href=\"https:\/\/helpdesk.gadenz.ch\/index.php\/submit-ticket\/\">Ticket<\/a> und beschreiben Sie ihr Problem so detailliert wie m\u00f6glich.<\/div><\/div>\n<div class=\"su-spoiler su-spoiler-style-default su-spoiler-icon-plus su-spoiler-closed\" data-scroll-offset=\"0\" data-anchor-in-url=\"no\"><div class=\"su-spoiler-title\" tabindex=\"0\" role=\"button\"><span class=\"su-spoiler-icon\"><\/span>Wie schnell wird ein Ticket bearbeitet?<\/div><div class=\"su-spoiler-content su-u-clearfix su-u-trim\">Tickets werden in der Reihenfolge bearbeitet, wie sie eingehen. Eine erste Reaktion auf Ihr Ticket erfolgt aber in der Regel sp\u00e4testens nach 24h.<\/div><\/div>\n<div class=\"su-spoiler su-spoiler-style-default su-spoiler-icon-plus su-spoiler-closed\" data-scroll-offset=\"0\" data-anchor-in-url=\"no\"><div class=\"su-spoiler-title\" tabindex=\"0\" role=\"button\"><span class=\"su-spoiler-icon\"><\/span>Was kostet mich ein Ticket?<\/div><div class=\"su-spoiler-content su-u-clearfix su-u-trim\">Die Preise werden dem Aufwand angepasst. Schnell l\u00f6sbare Tickets sind teilweise sogar Kostenlos, im Durchschnitt sind aber mit Kosten zwischen 25.- bis 50.- zu rechnen. Die genauen Kosten erfahren Sie im Vorfeld.<\/div><\/div>\n<div class=\"su-spoiler su-spoiler-style-default su-spoiler-icon-plus su-spoiler-closed\" data-scroll-offset=\"0\" data-anchor-in-url=\"no\"><div class=\"su-spoiler-title\" tabindex=\"0\" role=\"button\"><span class=\"su-spoiler-icon\"><\/span>Wie kann ich bezahlen?<\/div><div class=\"su-spoiler-content su-u-clearfix su-u-trim\">Der Betrag kann per \u00dcberweisung oder TWINT beglichen werden. Stammkunden erhalten eine Rechnung mit einer Zahlfrist von 30 Tagen.<\/div><\/div>\n<div class=\"su-spoiler su-spoiler-style-default su-spoiler-icon-plus su-spoiler-closed\" data-scroll-offset=\"0\" data-anchor-in-url=\"no\"><div class=\"su-spoiler-title\" tabindex=\"0\" role=\"button\"><span class=\"su-spoiler-icon\"><\/span>Ist eine Datenrettung immer Erfolgreich?<\/div><div class=\"su-spoiler-content su-u-clearfix su-u-trim\">Leider nein, oftmals wird der Speicherchip einer \u00dcberspannung ausgesetzt der alle Daten zerst\u00f6rt. Trotzdem werden wir aus technischer Sicht Alles versuchen, um Ihre Daten zu retten.<\/div><\/div>\n<div class=\"su-spoiler su-spoiler-style-default su-spoiler-icon-plus su-spoiler-closed\" data-scroll-offset=\"0\" data-anchor-in-url=\"no\"><div class=\"su-spoiler-title\" tabindex=\"0\" role=\"button\"><span class=\"su-spoiler-icon\"><\/span>Kann ich RAID Festplatten zur Datenrettung einsenden?<\/div><div class=\"su-spoiler-content su-u-clearfix su-u-trim\">Zur Zeit nehme ich keine Festplatten an, die in einem RAID sind bzw. waren. Dies wird aber in Zukunft m\u00f6glich sein.<\/div><\/div>\n<div class=\"su-spoiler su-spoiler-style-default su-spoiler-icon-plus su-spoiler-closed\" data-scroll-offset=\"0\" data-anchor-in-url=\"no\"><div class=\"su-spoiler-title\" tabindex=\"0\" role=\"button\"><span class=\"su-spoiler-icon\"><\/span>Wir sind ein KMU und brauchen l\u00e4ngerfristig Support, ist dies m\u00f6glich?<\/div><div class=\"su-spoiler-content su-u-clearfix su-u-trim\">Ja, f\u00fcr KMUs bis 100 MA biete ich dies an. In diesem Fall erh\u00e4lt das KMU ein seprates Helpdesk Portal. F\u00fcr Anfragen dieser Art, benutzen Sie bitte das <a href=\"https:\/\/helpdesk.gadenz.ch\/index.php\/contact\/\">Kontaktformular<\/a>.<\/div><\/div>\n<div class=\"su-spoiler su-spoiler-style-default su-spoiler-icon-plus su-spoiler-closed\" data-scroll-offset=\"0\" data-anchor-in-url=\"no\"><div class=\"su-spoiler-title\" tabindex=\"0\" role=\"button\"><span class=\"su-spoiler-icon\"><\/span>Was ist ein <em>penetration test<\/em>?<\/div><div class=\"su-spoiler-content su-u-clearfix su-u-trim\">Ein penetration test (eng.) ist ein Angriff auf eine Webseite oder Firmenstruktur mit Einverst\u00e4ndnis des Inhabers. So wird getestet, wo es Schwachstellen im System gibt und hilft dabei, es Sicherer zu machen.<\/div><\/div>\n<div class=\"su-spoiler su-spoiler-style-default su-spoiler-icon-plus su-spoiler-closed\" data-scroll-offset=\"0\" data-anchor-in-url=\"no\"><div class=\"su-spoiler-title\" tabindex=\"0\" role=\"button\"><span class=\"su-spoiler-icon\"><\/span>Was wird bei einem <em>penetration test<\/em> alles gemacht?<\/div><div class=\"su-spoiler-content su-u-clearfix su-u-trim\">Der Umfang dieses Tests wird mit der Firma abgesprochen. Dies kann von einem simplen simulierten Angriff von Aussen, bis hin zum komplexen Testen von Mitarbeiter, sowie lokaler Sicherheitsmassnahmen beinhalten.<\/div><\/div>\n<div class=\"su-spoiler su-spoiler-style-default su-spoiler-icon-plus su-spoiler-closed\" data-scroll-offset=\"0\" data-anchor-in-url=\"no\"><div class=\"su-spoiler-title\" tabindex=\"0\" role=\"button\"><span class=\"su-spoiler-icon\"><\/span>Wie lange Dauert ein <em>penetration test<\/em>?<\/div><div class=\"su-spoiler-content su-u-clearfix su-u-trim\">Dies h\u00e4ngt stark vom Wunsch des Kunden ab, Einfache zwischen 7 und 20 Tage. Komplexe k\u00f6nnen auch mehrere Wochen beanspruchen.<\/div><\/div>\n","protected":false},"excerpt":{"rendered":"<p>Hier finden Sie unser FAQ ( Frequently Asked Questions ). Dies soll helfen, Fragen und Probleme &#8211; welche h\u00e4ufiger auftreten &#8211; schneller und ohne Ticket zu l\u00f6sen. Benutzen Sie unser Kontaktformular, falls Sie weiterhin Fragen haben, welche kein IT Problem betreffen.<\/p>\n","protected":false},"author":1,"featured_media":0,"parent":0,"menu_order":0,"comment_status":"closed","ping_status":"closed","template":"template\/template-page-full-width.php","meta":{"footnotes":""},"class_list":["post-88","page","type-page","status-publish","hentry"],"_links":{"self":[{"href":"https:\/\/helpdesk.gadenz.ch\/index.php\/wp-json\/wp\/v2\/pages\/88","targetHints":{"allow":["GET"]}}],"collection":[{"href":"https:\/\/helpdesk.gadenz.ch\/index.php\/wp-json\/wp\/v2\/pages"}],"about":[{"href":"https:\/\/helpdesk.gadenz.ch\/index.php\/wp-json\/wp\/v2\/types\/page"}],"author":[{"embeddable":true,"href":"https:\/\/helpdesk.gadenz.ch\/index.php\/wp-json\/wp\/v2\/users\/1"}],"replies":[{"embeddable":true,"href":"https:\/\/helpdesk.gadenz.ch\/index.php\/wp-json\/wp\/v2\/comments?post=88"}],"version-history":[{"count":47,"href":"https:\/\/helpdesk.gadenz.ch\/index.php\/wp-json\/wp\/v2\/pages\/88\/revisions"}],"predecessor-version":[{"id":317,"href":"https:\/\/helpdesk.gadenz.ch\/index.php\/wp-json\/wp\/v2\/pages\/88\/revisions\/317"}],"wp:attachment":[{"href":"https:\/\/helpdesk.gadenz.ch\/index.php\/wp-json\/wp\/v2\/media?parent=88"}],"curies":[{"name":"wp","href":"https:\/\/api.w.org\/{rel}","templated":true}]}}